{"id":88,"date":"2025-10-23T08:46:01","date_gmt":"2025-10-23T06:46:01","guid":{"rendered":"https:\/\/shop.payattclub.se\/product\/payatt-standard\/"},"modified":"2026-01-15T15:30:22","modified_gmt":"2026-01-15T14:30:22","slug":"payatt-standard","status":"publish","type":"product","link":"https:\/\/shop.payattclub.se\/sv\/produkt\/payatt-standard\/","title":{"rendered":"PayAtt Standard"},"content":{"rendered":"<h3 class=\"p1\"><b>PayAtt Standard \u2013 m\u00e5nadsprenumeration<\/b><b><\/b><\/h3>\n<h4 class=\"p2\">Vi s\u00e4ljer \u00f6kad oms\u00e4ttning, i v\u00e5r prenumeration ing\u00e5r:<\/h4>\n<p class=\"p2\">\u2705 800 fria SMS per m\u00e5nad<\/p>\n<p class=\"p2\">\u2705 IntelliSMS\u00a0\u2013 automatiserade, verksamhetsanpassade utskicksf\u00f6rslag<\/p>\n<p class=\"p2\">\u2705 Appfritt digitalt st\u00e4mpelkort - f\u00e5 dina kunder att \u00e5terkomma oftare automatiskt<\/p>\n<p class=\"p2\">\u2705 <strong>Kampanj i webbshoppen!<\/strong> Ingen bindningstid - pr\u00f6va riskfritt<\/p>\n<p class=\"p2\">\u2705 Obegr\u00e4nsat antal medlemmar<\/p>\n<p class=\"p2\">F\u00f6r att \u00e4ven f\u00e5 PayAtt Standard f\u00e4rdiginstallerat p\u00e5 en extern h\u00e5rdvara, k\u00f6p <span class=\"s1\"><b>Premium Start-Up<\/b><\/span>. Vid k\u00f6p av endast PayAtt Standard ing\u00e5r all funktionalitet, och du kan anv\u00e4nda PayAtt-appen p\u00e5 valfri sk\u00e4rm som t.ex en smartphone eller iPad.<\/p>\n<p>&nbsp;<\/p>\n<p class=\"p2\">Du f\u00e5r dessutom:<\/p>\n<ul>\n<li>\n<p class=\"p1\">Tillg\u00e5ng till egen webbportal<\/p>\n<\/li>\n<li>\n<p class=\"p1\">V\u00e4lkomst- och bel\u00f6nings-SMS\u00a0inkluderade<\/p>\n<\/li>\n<li>\n<p class=\"p1\">Digital support<\/p>\n<\/li>\n<li>\n<p class=\"p1\">Telefonsupport vardagar 08.00\u201317.00<\/p>\n<\/li>\n<\/ul>","protected":false},"excerpt":{"rendered":"<p class=\"p1\">M\u00e5natlig prenumeration utan upps\u00e4gnings- eller bindningstid. PayAtt Standard inkluderar allt du beh\u00f6ver f\u00f6r att \u00f6ka din oms\u00e4ttning:<\/p>\n<p class=\"p1\">\u2705 800 fria SMS per m\u00e5nad<\/p>\n<p class=\"p1\">\u2705 V\u00e4lkomst- och bel\u00f6nings-SMS<\/p>\n<p class=\"p1\">\u2705 IntelliSMS \u2013 automatiserade och skr\u00e4ddarsydda meddelandef\u00f6rslag<\/p>\n<p class=\"p1\">\u2705 Appfritt st\u00e4mpelkort<\/p>\n<p class=\"p1\">\u2705 Obegr\u00e4nsat antal medlemmar<\/p>\n<p class=\"p1\">\u2705 Ingen upps\u00e4gnings- eller bindningstid<\/p>\n<p class=\"p1\">\u2705 Supportfunktion<\/p>\n<p class=\"p1\">\u2705 Kan anv\u00e4ndas p\u00e5 alla enheter. F\u00f6r komplett och skr\u00e4ddarsydd installation, k\u00f6p till Premium Start-up som inkluderar en kostnadsfri sk\u00e4rm.<\/p>","protected":false},"featured_media":2068,"template":"","meta":{"_eb_attr":"","_eb_data_table":""},"product_brand":[60],"product_cat":[30,48],"product_tag":[],"class_list":{"0":"post-88","1":"product","2":"type-product","3":"status-publish","4":"has-post-thumbnail","6":"product_brand-payatt","7":"product_cat-essential","8":"product_cat-startup","9":"product_shipping_class-standard-shipping","11":"first","12":"instock","13":"virtual","14":"taxable","15":"purchasable","16":"product-type-simple"},"_links":{"self":[{"href":"https:\/\/shop.payattclub.se\/sv\/wp-json\/wp\/v2\/product\/88","targetHints":{"allow":["GET"]}}],"collection":[{"href":"https:\/\/shop.payattclub.se\/sv\/wp-json\/wp\/v2\/product"}],"about":[{"href":"https:\/\/shop.payattclub.se\/sv\/wp-json\/wp\/v2\/types\/product"}],"wp:featuredmedia":[{"embeddable":true,"href":"https:\/\/shop.payattclub.se\/sv\/wp-json\/wp\/v2\/media\/2068"}],"wp:attachment":[{"href":"https:\/\/shop.payattclub.se\/sv\/wp-json\/wp\/v2\/media?parent=88"}],"wp:term":[{"taxonomy":"product_brand","embeddable":true,"href":"https:\/\/shop.payattclub.se\/sv\/wp-json\/wp\/v2\/product_brand?post=88"},{"taxonomy":"product_cat","embeddable":true,"href":"https:\/\/shop.payattclub.se\/sv\/wp-json\/wp\/v2\/product_cat?post=88"},{"taxonomy":"product_tag","embeddable":true,"href":"https:\/\/shop.payattclub.se\/sv\/wp-json\/wp\/v2\/product_tag?post=88"}],"curies":[{"name":"wp","href":"https:\/\/api.w.org\/{rel}","templated":true}]}}