{"id":576,"date":"2025-10-27T21:06:55","date_gmt":"2025-10-27T19:06:55","guid":{"rendered":"https:\/\/shop.payattclub.se\/?post_type=product&#038;p=576"},"modified":"2026-01-24T19:17:56","modified_gmt":"2026-01-24T18:17:56","slug":"startup-package","status":"publish","type":"product","link":"https:\/\/shop.payattclub.se\/sv\/produkt\/startup-package\/","title":{"rendered":"Premium Start-up"},"content":{"rendered":"<p class=\"p1\">F\u00f6r att du ska f\u00e5 de b\u00e4sta f\u00f6ruts\u00e4ttningarna att snabbt komma ig\u00e5ng med PayAtt och \u00f6ka din f\u00f6rs\u00e4ljning erbjuder vi dig att best\u00e4lla allt f\u00f6rberett, installerat och klart med en design som g\u00e5r i linje med just ert varum\u00e4rke.<\/p>\n<p class=\"p1\">F\u00f6ljande ing\u00e5r:<\/p>\n<div class=\"PriceBox_wrapper__70Ghv\">\n<ul>\n<li>\n<p class=\"p1\">Kostnadsfri sk\u00e4rm (v\u00e4rde 1495 kr)<\/p>\n<\/li>\n<\/ul>\n<\/div>\n<div class=\"PriceBox_wrapper__70Ghv\">\n<ul>\n<li>\n<p class=\"p1\">Design av display-vyer inf\u00f6r uppstart (vi kan st\u00e4lla in den med bilder, information, videos, kampanjer, och mycket mer.)<\/p>\n<\/li>\n<\/ul>\n<\/div>\n<div class=\"PriceBox_wrapper__70Ghv\">\n<ul>\n<li>\n<p class=\"p1\">Design av st\u00e4mpelkort inf\u00f6r uppstart<\/p>\n<\/li>\n<\/ul>\n<\/div>\n<div class=\"PriceBox_wrapper__70Ghv\">\n<ul>\n<li>\n<p class=\"p1\">Textf\u00f6rslag\/design av skylt att st\u00e4lla bredvid sk\u00e4rmen<\/p>\n<\/li>\n<\/ul>\n<\/div>\n<div class=\"PriceBox_wrapper__70Ghv\">\n<ul>\n<li>\n<p class=\"p1\">Videomaterial f\u00f6r enkel onboarding samt ett uppstartsm\u00f6te efter att sk\u00e4rm \u00e4r levererad vid behov - en grundlig genomg\u00e5ng av portal och sk\u00e4rm samt aktivering av st\u00e4mpelkort<\/p>\n<\/li>\n<\/ul>\n<\/div>\n<div class=\"PriceBox_wrapper__70Ghv\">\n<ul>\n<li>\n<p class=\"p1\">PayAtt send-out boost: branschspecifika utskickstips vid uppstart och sedan ett utskickstips i m\u00e5naden under de tre f\u00f6rsta m\u00e5naderna<\/p>\n<\/li>\n<\/ul>\n<\/div>\n<p class=\"p1\">Vill du komma ig\u00e5ng snabbt och enkelt? D\u00e5 \u00e4r Premium Start-up just f\u00f6r dig!<\/p>\n<p>&nbsp;<\/p>","protected":false},"excerpt":{"rendered":"<p class=\"p1\">N\u00e4r du k\u00f6per Premium Start-Up kommer PayAtts specialister att designa ditt st\u00e4mpelkort och dina sk\u00e4rmvyer enligt dina \u00f6nskem\u00e5l och din verksamhetsprofil, samt f\u00f6rbereda din webbportal. Du f\u00e5r \u00e4ven branschspecifika utskickstips som utg\u00e5r fr\u00e5n kalender\u00e5ret.<\/p>\n<p class=\"p1\">Vill du f\u00e5 maximal nytta s\u00e5 snabbt som m\u00f6jligt? V\u00e4lj d\u00e5 detta paket f\u00f6r en smidig och bekymmersfri uppstart \u2013 vi tar hand om allt!<\/p>\n<p class=\"p1\">Ut\u00f6ver hantering och support ing\u00e5r \u00e4ven en sk\u00e4rm (v\u00e4rde 1495\u202fkr) utan extra kostnad.<\/p>","protected":false},"featured_media":1890,"template":"","meta":{"_eb_attr":"","_eb_data_table":""},"product_brand":[60],"product_cat":[28,48],"product_tag":[],"class_list":{"0":"post-576","1":"product","2":"type-product","3":"status-publish","4":"has-post-thumbnail","6":"product_brand-payatt","7":"product_cat-display","8":"product_cat-startup","9":"pa_display-color-black-display","10":"pa_display-color-white-display","11":"pa_display-size-10-inch-display","12":"pa_display-size-8-inch-display","14":"first","15":"instock","16":"taxable","17":"shipping-taxable","18":"purchasable","19":"product-type-variable","20":"has-default-attributes"},"_links":{"self":[{"href":"https:\/\/shop.payattclub.se\/sv\/wp-json\/wp\/v2\/product\/576","targetHints":{"allow":["GET"]}}],"collection":[{"href":"https:\/\/shop.payattclub.se\/sv\/wp-json\/wp\/v2\/product"}],"about":[{"href":"https:\/\/shop.payattclub.se\/sv\/wp-json\/wp\/v2\/types\/product"}],"wp:featuredmedia":[{"embeddable":true,"href":"https:\/\/shop.payattclub.se\/sv\/wp-json\/wp\/v2\/media\/1890"}],"wp:attachment":[{"href":"https:\/\/shop.payattclub.se\/sv\/wp-json\/wp\/v2\/media?parent=576"}],"wp:term":[{"taxonomy":"product_brand","embeddable":true,"href":"https:\/\/shop.payattclub.se\/sv\/wp-json\/wp\/v2\/product_brand?post=576"},{"taxonomy":"product_cat","embeddable":true,"href":"https:\/\/shop.payattclub.se\/sv\/wp-json\/wp\/v2\/product_cat?post=576"},{"taxonomy":"product_tag","embeddable":true,"href":"https:\/\/shop.payattclub.se\/sv\/wp-json\/wp\/v2\/product_tag?post=576"}],"curies":[{"name":"wp","href":"https:\/\/api.w.org\/{rel}","templated":true}]}}