{"id":280,"date":"2025-10-26T11:05:48","date_gmt":"2025-10-26T09:05:48","guid":{"rendered":"https:\/\/shop.payattclub.se\/?post_type=product&#038;p=280"},"modified":"2026-01-24T19:17:49","modified_gmt":"2026-01-24T18:17:49","slug":"additional-l-display","status":"publish","type":"product","link":"https:\/\/shop.payattclub.se\/sv\/produkt\/additional-l-display\/","title":{"rendered":"PayAtt L-Display"},"content":{"rendered":"<p class=\"p1\">Beh\u00f6ver du fler sk\u00e4rmar till din verksamhet? Sj\u00e4lvklart g\u00e5r det att k\u00f6pa extra sk\u00e4rmar.<\/p>\n<p class=\"p1\">Med en extra display kan ni ha tv\u00e5 separata stationer f\u00f6r registreringar samt mer utrymme f\u00f6r att visa produktinformation, bildspel eller videor. Ni kan:<\/p>\n<ul>\n<li>Annonsera<\/li>\n<li>Visa anpassade QR-koder<\/li>\n<li>Visa kupongkoder<\/li>\n<li>Informera om \u00f6ppetider<\/li>\n<li>Tillhandah\u00e5lla information om event eller h\u00f6gtider<\/li>\n<li>Visa video eller bildspel<\/li>\n<li>Och mycket mer.<\/li>\n<\/ul>\n<p class=\"p1\">Du kan anpassa v\u00e5r sk\u00e4rm f\u00f6r att visa precis vad du vill bredvid sifferpanelen f\u00f6r att samla in telefonnummer!<\/p>\n<p class=\"p1\"><em>Sk\u00e4rmarna finns tillg\u00e4ngliga i tv\u00e5 storlekar: 8\u201d och 10\u201d.<\/em><\/p>","protected":false},"excerpt":{"rendered":"<p class=\"p1\">K\u00f6p s\u00e5 m\u00e5nga extra sk\u00e4rmar som beh\u00f6vs f\u00f6r din verksamhet. B\u00f6rja samla in registreringar p\u00e5 flera platser i butiken och \u00f6ka varum\u00e4rkesk\u00e4nnedomen.<\/p>","protected":false},"featured_media":1890,"template":"","meta":{"_eb_attr":"","_eb_data_table":""},"product_brand":[60],"product_cat":[28],"product_tag":[],"class_list":{"0":"post-280","1":"product","2":"type-product","3":"status-publish","4":"has-post-thumbnail","6":"product_brand-payatt","7":"product_cat-display","8":"product_shipping_class-standard-shipping","9":"pa_display-color-black-display","10":"pa_display-color-white-display","11":"pa_display-size-10-inch-display","12":"pa_display-size-8-inch-display","14":"first","15":"instock","16":"taxable","17":"shipping-taxable","18":"purchasable","19":"product-type-variable","20":"has-default-attributes"},"_links":{"self":[{"href":"https:\/\/shop.payattclub.se\/sv\/wp-json\/wp\/v2\/product\/280","targetHints":{"allow":["GET"]}}],"collection":[{"href":"https:\/\/shop.payattclub.se\/sv\/wp-json\/wp\/v2\/product"}],"about":[{"href":"https:\/\/shop.payattclub.se\/sv\/wp-json\/wp\/v2\/types\/product"}],"wp:featuredmedia":[{"embeddable":true,"href":"https:\/\/shop.payattclub.se\/sv\/wp-json\/wp\/v2\/media\/1890"}],"wp:attachment":[{"href":"https:\/\/shop.payattclub.se\/sv\/wp-json\/wp\/v2\/media?parent=280"}],"wp:term":[{"taxonomy":"product_brand","embeddable":true,"href":"https:\/\/shop.payattclub.se\/sv\/wp-json\/wp\/v2\/product_brand?post=280"},{"taxonomy":"product_cat","embeddable":true,"href":"https:\/\/shop.payattclub.se\/sv\/wp-json\/wp\/v2\/product_cat?post=280"},{"taxonomy":"product_tag","embeddable":true,"href":"https:\/\/shop.payattclub.se\/sv\/wp-json\/wp\/v2\/product_tag?post=280"}],"curies":[{"name":"wp","href":"https:\/\/api.w.org\/{rel}","templated":true}]}}