{"id":138,"date":"2025-10-23T18:04:42","date_gmt":"2025-10-23T16:04:42","guid":{"rendered":"https:\/\/shop.payattclub.se\/?post_type=product&#038;p=138"},"modified":"2026-01-24T19:17:56","modified_gmt":"2026-01-24T18:17:56","slug":"payatt-go","status":"publish","type":"product","link":"https:\/\/shop.payattclub.se\/sv\/produkt\/payatt-go\/","title":{"rendered":"PayAtt Go"},"content":{"rendered":"<p class=\"p1\">\u00d6nskar dina kunder kunna hitta sitt st\u00e4mpelkort direkt p\u00e5 telefonens hemsk\u00e4rm, likt en app?<\/p>\n<p class=\"p1\"><span class=\"s1\"><b>PayAtt Go<\/b><\/span> \u00e4r l\u00f6sningen f\u00f6r just detta!<\/p>\n<p class=\"p1\">Genom att l\u00e5sa upp denna till\u00e4ggstj\u00e4nst m\u00f6jligg\u00f6r du f\u00f6r dina kunder att ladda hem st\u00e4mpelkortet till telefonen, vilket blir ytterligare en direkt v\u00e4g mellan ditt f\u00f6retag och kunden.<\/p>","protected":false},"excerpt":{"rendered":"<p class=\"p1\"><span class=\"s1\"><b>PayAtt Go<\/b><\/span> till\u00e5ter dina kunder att installera st\u00e4mpelkortet som en ikon p\u00e5 deras telefon.<\/p>\n<p class=\"p1\">L\u00e4tt f\u00f6r dina kunder att komma \u00e5t sitt kort och skapar en extra kommunikationskanal f\u00f6r dig att n\u00e5 dem. Att ha din logotyp p\u00e5 kundernas telefoner \u00f6kar ocks\u00e5 varum\u00e4rkesk\u00e4nnedomen!<\/p>","protected":false},"featured_media":1999,"template":"","meta":{"_eb_attr":"","_eb_data_table":""},"product_brand":[60],"product_cat":[29],"product_tag":[23],"class_list":{"0":"post-138","1":"product","2":"type-product","3":"status-publish","4":"has-post-thumbnail","6":"product_brand-payatt","7":"product_cat-feature","8":"product_tag-feature","10":"first","11":"instock","12":"virtual","13":"taxable","14":"purchasable","15":"product-type-simple"},"_links":{"self":[{"href":"https:\/\/shop.payattclub.se\/sv\/wp-json\/wp\/v2\/product\/138","targetHints":{"allow":["GET"]}}],"collection":[{"href":"https:\/\/shop.payattclub.se\/sv\/wp-json\/wp\/v2\/product"}],"about":[{"href":"https:\/\/shop.payattclub.se\/sv\/wp-json\/wp\/v2\/types\/product"}],"wp:featuredmedia":[{"embeddable":true,"href":"https:\/\/shop.payattclub.se\/sv\/wp-json\/wp\/v2\/media\/1999"}],"wp:attachment":[{"href":"https:\/\/shop.payattclub.se\/sv\/wp-json\/wp\/v2\/media?parent=138"}],"wp:term":[{"taxonomy":"product_brand","embeddable":true,"href":"https:\/\/shop.payattclub.se\/sv\/wp-json\/wp\/v2\/product_brand?post=138"},{"taxonomy":"product_cat","embeddable":true,"href":"https:\/\/shop.payattclub.se\/sv\/wp-json\/wp\/v2\/product_cat?post=138"},{"taxonomy":"product_tag","embeddable":true,"href":"https:\/\/shop.payattclub.se\/sv\/wp-json\/wp\/v2\/product_tag?post=138"}],"curies":[{"name":"wp","href":"https:\/\/api.w.org\/{rel}","templated":true}]}}