{"id":125,"date":"2025-10-23T18:02:44","date_gmt":"2025-10-23T16:02:44","guid":{"rendered":"https:\/\/shop.payattclub.se\/?post_type=product&#038;p=125"},"modified":"2026-02-24T10:24:52","modified_gmt":"2026-02-24T09:24:52","slug":"stamp-portal","status":"publish","type":"product","link":"https:\/\/shop.payattclub.se\/sv\/produkt\/stamp-portal\/","title":{"rendered":"PayAtt Stamp Portal"},"content":{"rendered":"<p class=\"p1\">Med <strong>PayAtt Stamp Portal<\/strong> f\u00e5r du m\u00f6jlighet att ge ut extra st\u00e4mplar till dina kunder i samband med att de g\u00f6r sitt k\u00f6p. Du kan \u00e4ven ta bort st\u00e4mplar\/bel\u00f6ningar vid \u00e5terk\u00f6p.<\/p>\n<p class=\"p1\">PayAtt fokuserar p\u00e5 st\u00f6rsta m\u00f6jliga enkelhet. Du anv\u00e4nder Stamp Portal via en mobiltelefon eller padda i kassan.<\/p>\n<p class=\"p1\">I PayAtt Stamp Portal kan du enkelt filtrera eller se de senaste registreringarna f\u00f6r att l\u00e4tt kunna identifiera det st\u00e4mpelkort du beh\u00f6ver hantera.<\/p>\n<p class=\"p1\">\u2705 <strong>PayAtt Stamp Portal<\/strong> \u00e4r v\u00e5r mest uppskattade feature och anv\u00e4nds av majoriteten av v\u00e5ra kunder.<\/p>","protected":false},"excerpt":{"rendered":"<p class=\"p1\">Bel\u00f6na stora k\u00f6p, hantera returer och f\u00e5 st\u00f6rre flexibilitet i att hantera kundernas st\u00e4mpelkort. Du kan enkelt administrera allt via en webbaserad portal.<\/p>","protected":false},"featured_media":2004,"template":"","meta":{"_eb_attr":"","_eb_data_table":""},"product_brand":[60],"product_cat":[29],"product_tag":[23],"class_list":{"0":"post-125","1":"product","2":"type-product","3":"status-publish","4":"has-post-thumbnail","6":"product_brand-payatt","7":"product_cat-feature","8":"product_tag-feature","10":"first","11":"instock","12":"virtual","13":"taxable","14":"purchasable","15":"product-type-simple"},"_links":{"self":[{"href":"https:\/\/shop.payattclub.se\/sv\/wp-json\/wp\/v2\/product\/125","targetHints":{"allow":["GET"]}}],"collection":[{"href":"https:\/\/shop.payattclub.se\/sv\/wp-json\/wp\/v2\/product"}],"about":[{"href":"https:\/\/shop.payattclub.se\/sv\/wp-json\/wp\/v2\/types\/product"}],"wp:featuredmedia":[{"embeddable":true,"href":"https:\/\/shop.payattclub.se\/sv\/wp-json\/wp\/v2\/media\/2004"}],"wp:attachment":[{"href":"https:\/\/shop.payattclub.se\/sv\/wp-json\/wp\/v2\/media?parent=125"}],"wp:term":[{"taxonomy":"product_brand","embeddable":true,"href":"https:\/\/shop.payattclub.se\/sv\/wp-json\/wp\/v2\/product_brand?post=125"},{"taxonomy":"product_cat","embeddable":true,"href":"https:\/\/shop.payattclub.se\/sv\/wp-json\/wp\/v2\/product_cat?post=125"},{"taxonomy":"product_tag","embeddable":true,"href":"https:\/\/shop.payattclub.se\/sv\/wp-json\/wp\/v2\/product_tag?post=125"}],"curies":[{"name":"wp","href":"https:\/\/api.w.org\/{rel}","templated":true}]}}