{"id":1734,"date":"2025-11-25T22:38:52","date_gmt":"2025-11-25T21:38:52","guid":{"rendered":"https:\/\/shop.payattclub.se\/ts-shipment-tracking\/"},"modified":"2025-11-26T09:22:20","modified_gmt":"2025-11-26T08:22:20","slug":"ts-shipment-tracking","status":"publish","type":"page","link":"https:\/\/shop.payattclub.se\/sv\/ts-shipment-tracking\/","title":{"rendered":"Sp\u00e5ra best\u00e4llning"},"content":{"rendered":"<style>\n\t.order_track_form {\n\t\tbackground: #fafafa;\n\t}\n\tbody .search_order_form, body form.order_track_form label {\n\t\tcolor: #333;\n\t}\n\t.order_track_form div.search_order_form button {\n\t\tbackground: #3c4858;\n\t}\n\t.order_track_form, .tracking_form_tabs {\n\t\tborder-color: #cccccc !important;\n\t}\n\t.order_track_form div.search_order_form button {\n\t\tcolor: #fff;\n\t}\n.order_track_form input.ts_from_input:checked + label {\n\tcolor: #2271b1 !important;\n\tborder-bottom: 3px solid #2271b1;\n\tmargin-bottom: -2px;\n}\n.order_track_form {\n\tmax-width: 800px;\n\tmargin: 0 auto 20px;\n\tborder: 1px solid #e0e0e0;\n\tmin-height: 330px;\n}\n.track_fail_msg {\n\tcolor: red;\n\tpadding: 0 20px 15px;\n}\n<\/style>\n<div class=\"track-order-section\">\n\t<form method=\"post\" class=\"order_track_form\" action=\"\">\n\t\t<div class=\"search_order_form\">\n\t\t\t\t\t\t\t<style>\n\t\t\t\t\t.search_order_form .order_id_email.tracking_form { display:block; }\n\t\t\t\t\t.by_tracking_number {display:none;}\n\t\t\t\t\tform.order_track_form {min-height:auto;}\n\t\t\t\t\t<\/style>\n\t\t\t\t\t\t<div class=\"tracking_form_tabs\">\n\t\t\t\t<input id=\"for_order_number\" type=\"radio\" name=\"ts_tracking_form\" class=\"ts_from_input\" data-name=\"order_id_email\" checked>\n\t\t\t\t<label for=\"for_order_number\" class=\"ts_from_label for_order_number\">Orderdetaljer<\/label>\n\t\t\t\t<input id=\"for_tracking_number\" type=\"radio\" name=\"ts_tracking_form\" class=\"ts_from_input\" data-name=\"by_tracking_number\">\n\t\t\t\t<label for=\"for_tracking_number\" class=\"ts_from_label for_tracking_number\">Sp\u00e5rningsnummer<\/label>\n\t\t\t<\/div>\n\t\t\t<div class=\"order_id_email tracking_form\">\n\t\t\t\t<p>F\u00f6r att sp\u00e5ra din best\u00e4llning, ange ditt ordernummer och din e-postadress:<\/p>\n\t\t\t\t<p class=\"form-row\"><label for=\"order_id\">Best\u00e4llnings-ID<\/label> <input class=\"input-text\" type=\"text\" name=\"order_id\" id=\"order_id\" value=\"\" placeholder=\"Ordernummer\"><\/p>\n\t\t\t\t<p class=\"form-row\"><label for=\"order_email\">Best\u00e4llningsmail<\/label> <input class=\"input-text\" type=\"text\" name=\"order_email\" id=\"order_email\" value=\"\" placeholder=\"E-postadress\"><\/p>\n\t\t\t\t<p class=\"form-row\" style=\"margin-bottom:0;\"><button type=\"submit\" class=\"button btn btn-secondary\" name=\"track\" value=\"Track\">Sp\u00e5ra din best\u00e4llning<\/button><\/p>\n\t\t\t<\/div>\n\t\t\t<div class=\"by_tracking_number tracking_form\">\n\t\t\t\t<p>F\u00f6r att sp\u00e5ra din best\u00e4llning, v\u00e4nligen ange sp\u00e5rningsnumret du fick i leveransbekr\u00e4ftelsen via e-post<\/p>\n\t\t\t\t<p class=\"form-row\"><label for=\"order_tracking_number\">Sp\u00e5rningsnummer<\/label><input class=\"input-text\" type=\"text\" name=\"order_tracking_number\" id=\"order_tracking_number\" value=\"\" placeholder=\"Best\u00e4llningens sp\u00e5rningsnummer.\"><\/p>\n\t\t\t\t<p class=\"form-row\" style=\"margin-bottom:0;\"><button type=\"submit\" class=\"button btn btn-secondary\" name=\"track\" value=\"Track\">Sp\u00e5ra din best\u00e4llning<\/button><\/p>\n\t\t\t<\/div>\n\t\t\t<div class=\"track_fail_msg\" style=\"display:none;\"><\/div>\n\t\t<\/div>\n\t\t<div class=\"clear\"><\/div>\n\t\t<input type=\"hidden\" name=\"action\" value=\"get_tracking_info\">\n\t\t<input type=\"hidden\" name=\"fronted\" value=\"yes\">\n\t\t<input type=\"hidden\" id=\"_wpnonce\" name=\"_wpnonce\" value=\"4deeea85ab\" \/><input type=\"hidden\" name=\"_wp_http_referer\" value=\"\/sv\/wp-json\/wp\/v2\/pages\/1734\" \/>\t<input type=\"hidden\" name=\"trp-form-language\" value=\"sv\"\/><\/form>\n\t<div class=\"trackship_branding\">\n\t\t<p><span>Drivs av<\/span><img decoding=\"async\" src=\"https:\/\/shop.payattclub.se\/wp-content\/plugins\/trackship-for-woocommerce\/assets\/images\/trackship-logo.png\"><\/p>\n\t<\/div>\n\t\t\t<style> .trackship_branding{display:block !important;} <\/style>\n\t<\/div>","protected":false},"excerpt":{"rendered":"","protected":false},"author":1,"featured_media":0,"parent":0,"menu_order":0,"comment_status":"closed","ping_status":"closed","template":"","meta":{"_eb_attr":"","_eb_data_table":"","footnotes":""},"class_list":["post-1734","page","type-page","status-publish","hentry"],"_links":{"self":[{"href":"https:\/\/shop.payattclub.se\/sv\/wp-json\/wp\/v2\/pages\/1734","targetHints":{"allow":["GET"]}}],"collection":[{"href":"https:\/\/shop.payattclub.se\/sv\/wp-json\/wp\/v2\/pages"}],"about":[{"href":"https:\/\/shop.payattclub.se\/sv\/wp-json\/wp\/v2\/types\/page"}],"author":[{"embeddable":true,"href":"https:\/\/shop.payattclub.se\/sv\/wp-json\/wp\/v2\/users\/1"}],"replies":[{"embeddable":true,"href":"https:\/\/shop.payattclub.se\/sv\/wp-json\/wp\/v2\/comments?post=1734"}],"version-history":[{"count":1,"href":"https:\/\/shop.payattclub.se\/sv\/wp-json\/wp\/v2\/pages\/1734\/revisions"}],"predecessor-version":[{"id":1736,"href":"https:\/\/shop.payattclub.se\/sv\/wp-json\/wp\/v2\/pages\/1734\/revisions\/1736"}],"wp:attachment":[{"href":"https:\/\/shop.payattclub.se\/sv\/wp-json\/wp\/v2\/media?parent=1734"}],"curies":[{"name":"wp","href":"https:\/\/api.w.org\/{rel}","templated":true}]}}